{"id":96,"date":"2024-07-19T22:36:11","date_gmt":"2024-07-19T22:36:11","guid":{"rendered":"https:\/\/jaim-online.net\/media\/?page_id=96"},"modified":"2024-07-19T22:39:28","modified_gmt":"2024-07-19T22:39:28","slug":"publications","status":"publish","type":"page","link":"https:\/\/jaim-online.net\/media\/publications\/","title":{"rendered":"Publications"},"content":{"rendered":"<h2 style=\"text-align: center;\"><strong>JOURNALS<\/strong><\/h2>\n<p style=\"text-align: left;\"><strong>Le Journal Africain d\u2019Imagerie M\u00e9dicale \u00ab JAIM \u00bb (J Afr Imag M\u00e9d)<\/strong><\/p>\n<figure class=\"table\">\n<table class=\"ck-table-resized\" style=\"width: 100%;\">\n<tbody>\n<tr>\n<td style=\"width: 24.4755%;\">\n<figure class=\"image image-style-align-left\"><img decoding=\"async\" class=\"media-object\" src=\"https:\/\/jaim-online.net\/public\/journals\/1\/\/journalThumbnail_en_US.png\" width=\"250px\" \/><\/figure>\n<\/td>\n<td style=\"width: 74.5921%;\"><strong>Le Journal Africain d\u2019Imagerie M\u00e9dicale \u00ab JAIM \u00bb (J Afr Imag M\u00e9d)<\/strong> est le journal officiel de la SRANF (Soci\u00e9t\u00e9 de Radiologie d\u2019Afrique Noire Francophone) enregistr\u00e9 sous les num\u00e9ros\u00a0<strong>ISSN-p 1810-4959 (print) ISSN-e 2790-9840 (Online)<\/strong>\u00a0\u00e0 l\u2019International Standard Serial Number (<strong>ISSN<\/strong>) depuis 2004 (<strong>https:\/\/portal.issn.org\/resource\/ISSN\/1810-4959 ou https:\/\/portal.issn.org\/resource\/ISSN\/2790-9840<\/strong>) et reconnu par le CAMES.<\/p>\n<p>Ce journal\u00a0<strong>publie des articles en Fran\u00e7ais ou en Anglais<\/strong>, avec un support de diffusion en papier et en ligne \u00abPrinted and online open journal \u00bb<\/td>\n<\/tr>\n<\/tbody>\n<\/table>\n<\/figure>\n<p style=\"text-align: justify;\">Le Journal Africain d\u2019Imagerie M\u00e9dicale publie dans les domaines de la radiologie, radioprotection et imagerie m\u00e9dicale diagnostique et th\u00e9rapeutique, des articles originaux, les articles de revues (critiques), les \u00e9tudes de cas, les lettres \u00e0 l\u2019\u00e9diteur, les revues iconographiques, les \u00e9ditoriaux, les notes techniques, les \u00ab Quid \u00bb, les comptes rendus des r\u00e9unions de la\u00a0<strong>SRANF<\/strong> et des soci\u00e9t\u00e9s nationales d\u2019imagerie m\u00e9dicale des pays francophones d\u2019Afrique noire. <strong><a href=\"https:\/\/jaim-online.net\/\" target=\"_blank\" rel=\"noopener\">More Information<\/a><\/strong><\/p>\n","protected":false},"excerpt":{"rendered":"<p>JOURNALS Le Journal Africain d\u2019Imagerie M\u00e9dicale \u00ab JAIM \u00bb (J Afr Imag M\u00e9d) Le Journal&#8230;<\/p>\n","protected":false},"author":1,"featured_media":0,"parent":0,"menu_order":0,"comment_status":"closed","ping_status":"closed","template":"","meta":{"footnotes":""},"class_list":["post-96","page","type-page","status-publish","hentry"],"_links":{"self":[{"href":"https:\/\/jaim-online.net\/media\/wp-json\/wp\/v2\/pages\/96","targetHints":{"allow":["GET"]}}],"collection":[{"href":"https:\/\/jaim-online.net\/media\/wp-json\/wp\/v2\/pages"}],"about":[{"href":"https:\/\/jaim-online.net\/media\/wp-json\/wp\/v2\/types\/page"}],"author":[{"embeddable":true,"href":"https:\/\/jaim-online.net\/media\/wp-json\/wp\/v2\/users\/1"}],"replies":[{"embeddable":true,"href":"https:\/\/jaim-online.net\/media\/wp-json\/wp\/v2\/comments?post=96"}],"version-history":[{"count":4,"href":"https:\/\/jaim-online.net\/media\/wp-json\/wp\/v2\/pages\/96\/revisions"}],"predecessor-version":[{"id":100,"href":"https:\/\/jaim-online.net\/media\/wp-json\/wp\/v2\/pages\/96\/revisions\/100"}],"wp:attachment":[{"href":"https:\/\/jaim-online.net\/media\/wp-json\/wp\/v2\/media?parent=96"}],"curies":[{"name":"wp","href":"https:\/\/api.w.org\/{rel}","templated":true}]}}